{"id":3876,"date":"2018-07-05T08:00:40","date_gmt":"2018-07-05T08:00:40","guid":{"rendered":"http:\/\/www.org-guntramsdorf.at\/wp\/?page_id=3876"},"modified":"2018-07-05T08:00:40","modified_gmt":"2018-07-05T08:00:40","slug":"sprachreise-alicante","status":"publish","type":"page","link":"https:\/\/www.org-guntramsdorf.at\/wp\/formulare\/sprachreise-alicante","title":{"rendered":"Sprachreise Alicante"},"content":{"rendered":"<h1>Sprachreise Alicante<\/h1>\n<p>En la \u00faltima semana de junio las s\u00e9ptimas clases acompa\u00f1adas por Mag. Julia Krumb\u00f6ck y MMag. Andreas Raab fueron a Alicante. Hicieron muchas excursiones para conocer la cultura y la arquitectura espa\u00f1ola como el Castillo Santa B\u00e1rbara. Visitaron una escuela de lenguas para practicar la lengua oralmentel y mejorar la gram\u00e1tica. Adem\u00e1s celebraron las \u201eHogueras\u201c que son fiestas muy famosas en Espa\u00f1a y sobre todo en Valencia. Viajaron a las ciudades Elche, Altea o a Valencia tambi\u00e9n. Los alumnos practicaron los bailes Salsa y Bachata. Nadaron en el mar maravilloso y tambi\u00e9n probaron las comidas t\u00edpicas de Espa\u00f1a por ejemplo la Paella, el Jam\u00f3n Serrano o la famosa sopa Gazpacho.<\/p>\n<p>Die siebenten Klassen flogen in der letzten Schulwoche in Begleitung von Mag. Julia Krumb\u00f6ck und MMag. Andreas Raab nach Alicante\/Spanien auf Sprachreise. Dort unternahmen wir verschiedenste Exkursionen, wie einen Besuch des Castillo Santa B\u00e1rbara, um die Kultur und Architektur besser kennenzulernen. Wir besuchten zudem eine Sprachschule um unsere Aussprache und Grammatik zu verbessern. Nat\u00fcrlich sahen wir uns auch die weltweit ber\u00fchmten \u201eHogueras\u201c an. Unsere kulturelle Reise f\u00fchrte uns auch in die St\u00e4dte Elche, Altea und Valencia. Wir lernten zudem die T\u00e4nze Salsa und Bachata kennen. Eine Abk\u00fchlung bot uns das Meer und die besonderen K\u00f6stlichkeiten des Landes, wie Paella, Jam\u00f3n Serrano und Gazpacho, lie\u00dfen wir uns nicht entgehen.<\/p>\n<p>Helene, Rafael (7B)<\/p>\n<p><img loading=\"lazy\" decoding=\"async\" width=\"832\" height=\"624\" class=\"alignnone size-full wp-image-3877\" src=\"http:\/\/www.org-guntramsdorf.at\/wp\/wp-content\/uploads\/2018\/07\/IMG_20180622_182544.jpg\" alt=\"\" srcset=\"https:\/\/www.org-guntramsdorf.at\/wp\/wp-content\/uploads\/2018\/07\/IMG_20180622_182544.jpg 832w, https:\/\/www.org-guntramsdorf.at\/wp\/wp-content\/uploads\/2018\/07\/IMG_20180622_182544-768x576.jpg 768w, https:\/\/www.org-guntramsdorf.at\/wp\/wp-content\/uploads\/2018\/07\/IMG_20180622_182544-800x600.jpg 800w\"  sizes=\"(max-width: 832px) 100vw, 832px\" \/> <img loading=\"lazy\" decoding=\"async\" width=\"832\" height=\"624\" class=\"alignnone size-medium wp-image-3878\" src=\"http:\/\/www.org-guntramsdorf.at\/wp\/wp-content\/uploads\/2018\/07\/IMG_20180624_104444.jpg\" alt=\"\" srcset=\"https:\/\/www.org-guntramsdorf.at\/wp\/wp-content\/uploads\/2018\/07\/IMG_20180624_104444.jpg 832w, https:\/\/www.org-guntramsdorf.at\/wp\/wp-content\/uploads\/2018\/07\/IMG_20180624_104444-768x576.jpg 768w, https:\/\/www.org-guntramsdorf.at\/wp\/wp-content\/uploads\/2018\/07\/IMG_20180624_104444-800x600.jpg 800w\"  sizes=\"(max-width: 832px) 100vw, 832px\" \/> <img loading=\"lazy\" decoding=\"async\" width=\"832\" height=\"624\" class=\"alignnone size-medium wp-image-3879\" src=\"http:\/\/www.org-guntramsdorf.at\/wp\/wp-content\/uploads\/2018\/07\/IMG_20180625_112605.jpg\" alt=\"\" srcset=\"https:\/\/www.org-guntramsdorf.at\/wp\/wp-content\/uploads\/2018\/07\/IMG_20180625_112605.jpg 832w, https:\/\/www.org-guntramsdorf.at\/wp\/wp-content\/uploads\/2018\/07\/IMG_20180625_112605-768x576.jpg 768w, https:\/\/www.org-guntramsdorf.at\/wp\/wp-content\/uploads\/2018\/07\/IMG_20180625_112605-800x600.jpg 800w\"  sizes=\"(max-width: 832px) 100vw, 832px\" \/> <img loading=\"lazy\" decoding=\"async\" width=\"832\" height=\"624\" class=\"alignnone size-medium wp-image-3880\" src=\"http:\/\/www.org-guntramsdorf.at\/wp\/wp-content\/uploads\/2018\/07\/IMG_20180625_135514.jpg\" alt=\"\" srcset=\"https:\/\/www.org-guntramsdorf.at\/wp\/wp-content\/uploads\/2018\/07\/IMG_20180625_135514.jpg 832w, https:\/\/www.org-guntramsdorf.at\/wp\/wp-content\/uploads\/2018\/07\/IMG_20180625_135514-768x576.jpg 768w, https:\/\/www.org-guntramsdorf.at\/wp\/wp-content\/uploads\/2018\/07\/IMG_20180625_135514-800x600.jpg 800w\"  sizes=\"(max-width: 832px) 100vw, 832px\" \/> <img loading=\"lazy\" decoding=\"async\" width=\"832\" height=\"624\" class=\"alignnone size-medium wp-image-3881\" src=\"http:\/\/www.org-guntramsdorf.at\/wp\/wp-content\/uploads\/2018\/07\/IMG_20180625_144426.jpg\" alt=\"\" srcset=\"https:\/\/www.org-guntramsdorf.at\/wp\/wp-content\/uploads\/2018\/07\/IMG_20180625_144426.jpg 832w, https:\/\/www.org-guntramsdorf.at\/wp\/wp-content\/uploads\/2018\/07\/IMG_20180625_144426-768x576.jpg 768w, https:\/\/www.org-guntramsdorf.at\/wp\/wp-content\/uploads\/2018\/07\/IMG_20180625_144426-800x600.jpg 800w\"  sizes=\"(max-width: 832px) 100vw, 832px\" \/> <img loading=\"lazy\" decoding=\"async\" width=\"624\" height=\"832\" class=\"alignnone size-medium wp-image-3882\" src=\"http:\/\/www.org-guntramsdorf.at\/wp\/wp-content\/uploads\/2018\/07\/IMG_20180625_175727_1.jpg\" alt=\"\" \/> <img loading=\"lazy\" decoding=\"async\" width=\"832\" height=\"624\" class=\"alignnone size-medium wp-image-3883\" src=\"http:\/\/www.org-guntramsdorf.at\/wp\/wp-content\/uploads\/2018\/07\/IMG_20180626_180450.jpg\" alt=\"\" srcset=\"https:\/\/www.org-guntramsdorf.at\/wp\/wp-content\/uploads\/2018\/07\/IMG_20180626_180450.jpg 832w, https:\/\/www.org-guntramsdorf.at\/wp\/wp-content\/uploads\/2018\/07\/IMG_20180626_180450-768x576.jpg 768w, https:\/\/www.org-guntramsdorf.at\/wp\/wp-content\/uploads\/2018\/07\/IMG_20180626_180450-800x600.jpg 800w\"  sizes=\"(max-width: 832px) 100vw, 832px\" \/> <img loading=\"lazy\" decoding=\"async\" width=\"832\" height=\"624\" class=\"alignnone size-medium wp-image-3884\" src=\"http:\/\/www.org-guntramsdorf.at\/wp\/wp-content\/uploads\/2018\/07\/IMG_20180626_184151.jpg\" alt=\"\" srcset=\"https:\/\/www.org-guntramsdorf.at\/wp\/wp-content\/uploads\/2018\/07\/IMG_20180626_184151.jpg 832w, https:\/\/www.org-guntramsdorf.at\/wp\/wp-content\/uploads\/2018\/07\/IMG_20180626_184151-768x576.jpg 768w, https:\/\/www.org-guntramsdorf.at\/wp\/wp-content\/uploads\/2018\/07\/IMG_20180626_184151-800x600.jpg 800w\"  sizes=\"(max-width: 832px) 100vw, 832px\" \/> <img loading=\"lazy\" decoding=\"async\" width=\"832\" height=\"624\" class=\"alignnone size-medium wp-image-3885\" src=\"http:\/\/www.org-guntramsdorf.at\/wp\/wp-content\/uploads\/2018\/07\/IMG_20180627_002200a.jpg\" alt=\"\" srcset=\"https:\/\/www.org-guntramsdorf.at\/wp\/wp-content\/uploads\/2018\/07\/IMG_20180627_002200a.jpg 832w, https:\/\/www.org-guntramsdorf.at\/wp\/wp-content\/uploads\/2018\/07\/IMG_20180627_002200a-768x576.jpg 768w, https:\/\/www.org-guntramsdorf.at\/wp\/wp-content\/uploads\/2018\/07\/IMG_20180627_002200a-800x600.jpg 800w\"  sizes=\"(max-width: 832px) 100vw, 832px\" \/> <img loading=\"lazy\" decoding=\"async\" width=\"832\" height=\"624\" class=\"alignnone size-medium wp-image-3886\" src=\"http:\/\/www.org-guntramsdorf.at\/wp\/wp-content\/uploads\/2018\/07\/IMG_20180627_170147.jpg\" alt=\"\" srcset=\"https:\/\/www.org-guntramsdorf.at\/wp\/wp-content\/uploads\/2018\/07\/IMG_20180627_170147.jpg 832w, https:\/\/www.org-guntramsdorf.at\/wp\/wp-content\/uploads\/2018\/07\/IMG_20180627_170147-768x576.jpg 768w, https:\/\/www.org-guntramsdorf.at\/wp\/wp-content\/uploads\/2018\/07\/IMG_20180627_170147-800x600.jpg 800w\"  sizes=\"(max-width: 832px) 100vw, 832px\" \/> <img loading=\"lazy\" decoding=\"async\" width=\"832\" height=\"624\" class=\"alignnone size-medium wp-image-3887\" src=\"http:\/\/www.org-guntramsdorf.at\/wp\/wp-content\/uploads\/2018\/07\/IMG_20180627_173454.jpg\" alt=\"\" srcset=\"https:\/\/www.org-guntramsdorf.at\/wp\/wp-content\/uploads\/2018\/07\/IMG_20180627_173454.jpg 832w, https:\/\/www.org-guntramsdorf.at\/wp\/wp-content\/uploads\/2018\/07\/IMG_20180627_173454-768x576.jpg 768w, https:\/\/www.org-guntramsdorf.at\/wp\/wp-content\/uploads\/2018\/07\/IMG_20180627_173454-800x600.jpg 800w\"  sizes=\"(max-width: 832px) 100vw, 832px\" \/> <img loading=\"lazy\" decoding=\"async\" width=\"832\" height=\"624\" class=\"alignnone size-medium wp-image-3888\" src=\"http:\/\/www.org-guntramsdorf.at\/wp\/wp-content\/uploads\/2018\/07\/IMG_20180621_145150.jpg\" alt=\"\" srcset=\"https:\/\/www.org-guntramsdorf.at\/wp\/wp-content\/uploads\/2018\/07\/IMG_20180621_145150.jpg 832w, https:\/\/www.org-guntramsdorf.at\/wp\/wp-content\/uploads\/2018\/07\/IMG_20180621_145150-768x576.jpg 768w, https:\/\/www.org-guntramsdorf.at\/wp\/wp-content\/uploads\/2018\/07\/IMG_20180621_145150-800x600.jpg 800w\"  sizes=\"(max-width: 832px) 100vw, 832px\" \/> <img loading=\"lazy\" decoding=\"async\" width=\"832\" height=\"624\" class=\"alignnone size-medium wp-image-3889\" src=\"http:\/\/www.org-guntramsdorf.at\/wp\/wp-content\/uploads\/2018\/07\/IMG_20180621_163727.jpg\" alt=\"\" srcset=\"https:\/\/www.org-guntramsdorf.at\/wp\/wp-content\/uploads\/2018\/07\/IMG_20180621_163727.jpg 832w, https:\/\/www.org-guntramsdorf.at\/wp\/wp-content\/uploads\/2018\/07\/IMG_20180621_163727-768x576.jpg 768w, https:\/\/www.org-guntramsdorf.at\/wp\/wp-content\/uploads\/2018\/07\/IMG_20180621_163727-800x600.jpg 800w\"  sizes=\"(max-width: 832px) 100vw, 832px\" \/><\/p>\n<p>&nbsp;<\/p>\n","protected":false},"excerpt":{"rendered":"<p>Sprachreise Alicante En la \u00faltima semana de junio las s\u00e9ptimas clases acompa\u00f1adas por Mag. Julia Krumb\u00f6ck y MMag. Andreas Raab fueron a Alicante. Hicieron muchas excursiones para conocer la cultura y la arquitectura espa\u00f1ola como el Castillo Santa B\u00e1rbara. Visitaron una escuela de lenguas para practicar la lengua oralmentel y mejorar la gram\u00e1tica. Adem\u00e1s celebraron [&hellip;]<\/p>\n","protected":false},"author":10,"featured_media":0,"parent":1999,"menu_order":0,"comment_status":"closed","ping_status":"closed","template":"","meta":{"footnotes":""},"class_list":["post-3876","page","type-page","status-publish","hentry"],"_links":{"self":[{"href":"https:\/\/www.org-guntramsdorf.at\/wp\/wp-json\/wp\/v2\/pages\/3876","targetHints":{"allow":["GET"]}}],"collection":[{"href":"https:\/\/www.org-guntramsdorf.at\/wp\/wp-json\/wp\/v2\/pages"}],"about":[{"href":"https:\/\/www.org-guntramsdorf.at\/wp\/wp-json\/wp\/v2\/types\/page"}],"author":[{"embeddable":true,"href":"https:\/\/www.org-guntramsdorf.at\/wp\/wp-json\/wp\/v2\/users\/10"}],"replies":[{"embeddable":true,"href":"https:\/\/www.org-guntramsdorf.at\/wp\/wp-json\/wp\/v2\/comments?post=3876"}],"version-history":[{"count":0,"href":"https:\/\/www.org-guntramsdorf.at\/wp\/wp-json\/wp\/v2\/pages\/3876\/revisions"}],"up":[{"embeddable":true,"href":"https:\/\/www.org-guntramsdorf.at\/wp\/wp-json\/wp\/v2\/pages\/1999"}],"wp:attachment":[{"href":"https:\/\/www.org-guntramsdorf.at\/wp\/wp-json\/wp\/v2\/media?parent=3876"}],"curies":[{"name":"wp","href":"https:\/\/api.w.org\/{rel}","templated":true}]}}